{"id":7,"date":"2025-08-25T04:48:46","date_gmt":"2025-08-25T04:48:46","guid":{"rendered":"https:\/\/showbar.md\/?page_id=7"},"modified":"2025-09-04T05:52:20","modified_gmt":"2025-09-04T05:52:20","slug":"home-page","status":"publish","type":"page","link":"https:\/\/showbar.md\/","title":{"rendered":"Home"},"content":{"rendered":"\t\t<div data-elementor-type=\"wp-post\" data-elementor-id=\"7\" class=\"elementor elementor-7\">\n\t\t\t\t<div class=\"elementor-element elementor-element-a17bc4e e-flex e-con-boxed e-con e-parent\" data-id=\"a17bc4e\" data-element_type=\"container\">\n\t\t\t\t\t<div class=\"e-con-inner\">\n\t\t\t\t\t<\/div>\n\t\t\t\t<\/div>\n\t\t<div class=\"elementor-element elementor-element-7a96222 e-flex e-con-boxed e-con e-parent\" data-id=\"7a96222\" data-element_type=\"container\">\n\t\t\t\t\t<div class=\"e-con-inner\">\n\t\t\t\t<div class=\"elementor-element elementor-element-882ef76 elementor-widget elementor-widget-image\" data-id=\"882ef76\" data-element_type=\"widget\" data-widget_type=\"image.default\">\n\t\t\t\t\t\t\t\t\t\t\t\t\t\t\t<img fetchpriority=\"high\" decoding=\"async\" width=\"800\" height=\"319\" src=\"https:\/\/showbar.md\/wp-content\/uploads\/2025\/08\/Logo-underconst2-1024x408.png\" class=\"attachment-large size-large wp-image-9\" alt=\"\" srcset=\"https:\/\/showbar.md\/wp-content\/uploads\/2025\/08\/Logo-underconst2-1024x408.png 1024w, https:\/\/showbar.md\/wp-content\/uploads\/2025\/08\/Logo-underconst2-300x119.png 300w, https:\/\/showbar.md\/wp-content\/uploads\/2025\/08\/Logo-underconst2-768x306.png 768w, https:\/\/showbar.md\/wp-content\/uploads\/2025\/08\/Logo-underconst2.png 1201w\" sizes=\"(max-width: 800px) 100vw, 800px\" \/>\t\t\t\t\t\t\t\t\t\t\t\t\t\t\t<\/div>\n\t\t\t\t<div class=\"elementor-element elementor-element-7b6790f elementor-widget elementor-widget-heading\" data-id=\"7b6790f\" data-element_type=\"widget\" data-widget_type=\"heading.default\">\n\t\t\t\t\t<h2 class=\"elementor-heading-title elementor-size-default\">Show Bar este barul mobil care aduce gustul petrecerii tale oriunde \u00een Moldova. Oferim cocktailuri personalizate, unice \u0219i spectaculoase, preg\u0103tite cu profesionalism pentru a face din orice eveniment o experien\u021b\u0103 memorabil\u0103. Rapiditate, diversitate \u00een meniu \u0219i o atmosfer\u0103 vibrant\u0103 \u2013 tu te distrezi, iar noi ne ocup\u0103m de bar!<\/h2>\t\t\t\t<\/div>\n\t\t\t\t\t<\/div>\n\t\t\t\t<\/div>\n\t\t<div class=\"elementor-element elementor-element-8cb7759 e-flex e-con-boxed e-con e-parent\" data-id=\"8cb7759\" data-element_type=\"container\">\n\t\t\t\t\t<div class=\"e-con-inner\">\n\t\t\t\t<div class=\"elementor-element elementor-element-9fdc948 elementor-invisible elementor-widget elementor-widget-image\" data-id=\"9fdc948\" data-element_type=\"widget\" data-settings=\"{&quot;_animation&quot;:&quot;fadeInUp&quot;}\" data-widget_type=\"image.default\">\n\t\t\t\t\t\t\t\t\t\t\t\t\t\t\t<img decoding=\"async\" width=\"1809\" height=\"2560\" src=\"https:\/\/showbar.md\/wp-content\/uploads\/2025\/09\/Showbar-menu-01-scaled.jpg\" class=\"attachment-full size-full wp-image-108\" alt=\"\" srcset=\"https:\/\/showbar.md\/wp-content\/uploads\/2025\/09\/Showbar-menu-01-scaled.jpg 1809w, https:\/\/showbar.md\/wp-content\/uploads\/2025\/09\/Showbar-menu-01-212x300.jpg 212w, https:\/\/showbar.md\/wp-content\/uploads\/2025\/09\/Showbar-menu-01-724x1024.jpg 724w, https:\/\/showbar.md\/wp-content\/uploads\/2025\/09\/Showbar-menu-01-768x1087.jpg 768w, https:\/\/showbar.md\/wp-content\/uploads\/2025\/09\/Showbar-menu-01-1086x1536.jpg 1086w, https:\/\/showbar.md\/wp-content\/uploads\/2025\/09\/Showbar-menu-01-1448x2048.jpg 1448w\" sizes=\"(max-width: 1809px) 100vw, 1809px\" \/>\t\t\t\t\t\t\t\t\t\t\t\t\t\t\t<\/div>\n\t\t\t\t<div class=\"elementor-element elementor-element-10af215 elementor-invisible elementor-widget elementor-widget-image\" data-id=\"10af215\" data-element_type=\"widget\" data-settings=\"{&quot;_animation&quot;:&quot;fadeInUp&quot;}\" data-widget_type=\"image.default\">\n\t\t\t\t\t\t\t\t\t\t\t\t\t\t\t<img decoding=\"async\" width=\"1812\" height=\"2560\" src=\"https:\/\/showbar.md\/wp-content\/uploads\/2025\/09\/Showbar-menu-02-scaled.jpg\" class=\"attachment-full size-full wp-image-109\" alt=\"\" srcset=\"https:\/\/showbar.md\/wp-content\/uploads\/2025\/09\/Showbar-menu-02-scaled.jpg 1812w, https:\/\/showbar.md\/wp-content\/uploads\/2025\/09\/Showbar-menu-02-212x300.jpg 212w, https:\/\/showbar.md\/wp-content\/uploads\/2025\/09\/Showbar-menu-02-725x1024.jpg 725w, https:\/\/showbar.md\/wp-content\/uploads\/2025\/09\/Showbar-menu-02-768x1085.jpg 768w, https:\/\/showbar.md\/wp-content\/uploads\/2025\/09\/Showbar-menu-02-1087x1536.jpg 1087w, https:\/\/showbar.md\/wp-content\/uploads\/2025\/09\/Showbar-menu-02-1450x2048.jpg 1450w\" sizes=\"(max-width: 1812px) 100vw, 1812px\" \/>\t\t\t\t\t\t\t\t\t\t\t\t\t\t\t<\/div>\n\t\t\t\t<div class=\"elementor-element elementor-element-dca966e elementor-invisible elementor-widget elementor-widget-image\" data-id=\"dca966e\" data-element_type=\"widget\" data-settings=\"{&quot;_animation&quot;:&quot;fadeInUp&quot;}\" data-widget_type=\"image.default\">\n\t\t\t\t\t\t\t\t\t\t\t\t\t\t\t<img loading=\"lazy\" decoding=\"async\" width=\"1809\" height=\"2560\" src=\"https:\/\/showbar.md\/wp-content\/uploads\/2025\/09\/Showbar-menu-03-scaled.jpg\" class=\"attachment-full size-full wp-image-110\" alt=\"\" srcset=\"https:\/\/showbar.md\/wp-content\/uploads\/2025\/09\/Showbar-menu-03-scaled.jpg 1809w, https:\/\/showbar.md\/wp-content\/uploads\/2025\/09\/Showbar-menu-03-212x300.jpg 212w, https:\/\/showbar.md\/wp-content\/uploads\/2025\/09\/Showbar-menu-03-724x1024.jpg 724w, https:\/\/showbar.md\/wp-content\/uploads\/2025\/09\/Showbar-menu-03-768x1087.jpg 768w, https:\/\/showbar.md\/wp-content\/uploads\/2025\/09\/Showbar-menu-03-1086x1536.jpg 1086w, https:\/\/showbar.md\/wp-content\/uploads\/2025\/09\/Showbar-menu-03-1448x2048.jpg 1448w\" sizes=\"(max-width: 1809px) 100vw, 1809px\" \/>\t\t\t\t\t\t\t\t\t\t\t\t\t\t\t<\/div>\n\t\t\t\t<div class=\"elementor-element elementor-element-e5f496e elementor-invisible elementor-widget elementor-widget-image\" data-id=\"e5f496e\" data-element_type=\"widget\" data-settings=\"{&quot;_animation&quot;:&quot;fadeInUp&quot;}\" data-widget_type=\"image.default\">\n\t\t\t\t\t\t\t\t\t\t\t\t\t\t\t<img loading=\"lazy\" decoding=\"async\" width=\"1809\" height=\"2560\" src=\"https:\/\/showbar.md\/wp-content\/uploads\/2025\/09\/Showbar-menu-04-scaled.jpg\" class=\"attachment-full size-full wp-image-111\" alt=\"\" srcset=\"https:\/\/showbar.md\/wp-content\/uploads\/2025\/09\/Showbar-menu-04-scaled.jpg 1809w, https:\/\/showbar.md\/wp-content\/uploads\/2025\/09\/Showbar-menu-04-212x300.jpg 212w, https:\/\/showbar.md\/wp-content\/uploads\/2025\/09\/Showbar-menu-04-724x1024.jpg 724w, https:\/\/showbar.md\/wp-content\/uploads\/2025\/09\/Showbar-menu-04-768x1087.jpg 768w, https:\/\/showbar.md\/wp-content\/uploads\/2025\/09\/Showbar-menu-04-1086x1536.jpg 1086w, https:\/\/showbar.md\/wp-content\/uploads\/2025\/09\/Showbar-menu-04-1448x2048.jpg 1448w\" sizes=\"(max-width: 1809px) 100vw, 1809px\" \/>\t\t\t\t\t\t\t\t\t\t\t\t\t\t\t<\/div>\n\t\t\t\t<div class=\"elementor-element elementor-element-fb9e0fd elementor-invisible elementor-widget elementor-widget-image\" data-id=\"fb9e0fd\" data-element_type=\"widget\" data-settings=\"{&quot;_animation&quot;:&quot;fadeInUp&quot;}\" data-widget_type=\"image.default\">\n\t\t\t\t\t\t\t\t\t\t\t\t\t\t\t<img loading=\"lazy\" decoding=\"async\" width=\"1809\" height=\"2560\" src=\"https:\/\/showbar.md\/wp-content\/uploads\/2025\/09\/Showbar-menu-05-scaled.jpg\" class=\"attachment-full size-full wp-image-112\" alt=\"\" srcset=\"https:\/\/showbar.md\/wp-content\/uploads\/2025\/09\/Showbar-menu-05-scaled.jpg 1809w, https:\/\/showbar.md\/wp-content\/uploads\/2025\/09\/Showbar-menu-05-212x300.jpg 212w, https:\/\/showbar.md\/wp-content\/uploads\/2025\/09\/Showbar-menu-05-724x1024.jpg 724w, https:\/\/showbar.md\/wp-content\/uploads\/2025\/09\/Showbar-menu-05-768x1087.jpg 768w, https:\/\/showbar.md\/wp-content\/uploads\/2025\/09\/Showbar-menu-05-1086x1536.jpg 1086w, https:\/\/showbar.md\/wp-content\/uploads\/2025\/09\/Showbar-menu-05-1448x2048.jpg 1448w\" sizes=\"(max-width: 1809px) 100vw, 1809px\" \/>\t\t\t\t\t\t\t\t\t\t\t\t\t\t\t<\/div>\n\t\t\t\t<div class=\"elementor-element elementor-element-4a857e2 elementor-invisible elementor-widget elementor-widget-image\" data-id=\"4a857e2\" data-element_type=\"widget\" data-settings=\"{&quot;_animation&quot;:&quot;fadeInUp&quot;}\" data-widget_type=\"image.default\">\n\t\t\t\t\t\t\t\t\t\t\t\t\t\t\t<img loading=\"lazy\" decoding=\"async\" width=\"1809\" height=\"2560\" src=\"https:\/\/showbar.md\/wp-content\/uploads\/2025\/09\/Showbar-menu-06-scaled.jpg\" class=\"attachment-full size-full wp-image-113\" alt=\"\" srcset=\"https:\/\/showbar.md\/wp-content\/uploads\/2025\/09\/Showbar-menu-06-scaled.jpg 1809w, https:\/\/showbar.md\/wp-content\/uploads\/2025\/09\/Showbar-menu-06-212x300.jpg 212w, https:\/\/showbar.md\/wp-content\/uploads\/2025\/09\/Showbar-menu-06-724x1024.jpg 724w, https:\/\/showbar.md\/wp-content\/uploads\/2025\/09\/Showbar-menu-06-768x1087.jpg 768w, https:\/\/showbar.md\/wp-content\/uploads\/2025\/09\/Showbar-menu-06-1086x1536.jpg 1086w, https:\/\/showbar.md\/wp-content\/uploads\/2025\/09\/Showbar-menu-06-1448x2048.jpg 1448w\" sizes=\"(max-width: 1809px) 100vw, 1809px\" \/>\t\t\t\t\t\t\t\t\t\t\t\t\t\t\t<\/div>\n\t\t\t\t<div class=\"elementor-element elementor-element-87ecbb3 elementor-invisible elementor-widget elementor-widget-image\" data-id=\"87ecbb3\" data-element_type=\"widget\" data-settings=\"{&quot;_animation&quot;:&quot;fadeInUp&quot;}\" data-widget_type=\"image.default\">\n\t\t\t\t\t\t\t\t\t\t\t\t\t\t\t<img loading=\"lazy\" decoding=\"async\" width=\"1809\" height=\"2560\" src=\"https:\/\/showbar.md\/wp-content\/uploads\/2025\/09\/Showbar-menu-07-scaled.jpg\" class=\"attachment-full size-full wp-image-114\" alt=\"\" srcset=\"https:\/\/showbar.md\/wp-content\/uploads\/2025\/09\/Showbar-menu-07-scaled.jpg 1809w, https:\/\/showbar.md\/wp-content\/uploads\/2025\/09\/Showbar-menu-07-212x300.jpg 212w, https:\/\/showbar.md\/wp-content\/uploads\/2025\/09\/Showbar-menu-07-724x1024.jpg 724w, https:\/\/showbar.md\/wp-content\/uploads\/2025\/09\/Showbar-menu-07-768x1087.jpg 768w, https:\/\/showbar.md\/wp-content\/uploads\/2025\/09\/Showbar-menu-07-1086x1536.jpg 1086w, https:\/\/showbar.md\/wp-content\/uploads\/2025\/09\/Showbar-menu-07-1448x2048.jpg 1448w\" sizes=\"(max-width: 1809px) 100vw, 1809px\" \/>\t\t\t\t\t\t\t\t\t\t\t\t\t\t\t<\/div>\n\t\t\t\t<div class=\"elementor-element elementor-element-1357630 elementor-invisible elementor-widget elementor-widget-image\" data-id=\"1357630\" data-element_type=\"widget\" data-settings=\"{&quot;_animation&quot;:&quot;fadeInUp&quot;}\" data-widget_type=\"image.default\">\n\t\t\t\t\t\t\t\t\t\t\t\t\t\t\t<img loading=\"lazy\" decoding=\"async\" width=\"1809\" height=\"2560\" src=\"https:\/\/showbar.md\/wp-content\/uploads\/2025\/09\/Showbar-menu-08-scaled.jpg\" class=\"attachment-full size-full wp-image-115\" alt=\"\" srcset=\"https:\/\/showbar.md\/wp-content\/uploads\/2025\/09\/Showbar-menu-08-scaled.jpg 1809w, https:\/\/showbar.md\/wp-content\/uploads\/2025\/09\/Showbar-menu-08-212x300.jpg 212w, https:\/\/showbar.md\/wp-content\/uploads\/2025\/09\/Showbar-menu-08-724x1024.jpg 724w, https:\/\/showbar.md\/wp-content\/uploads\/2025\/09\/Showbar-menu-08-768x1087.jpg 768w, https:\/\/showbar.md\/wp-content\/uploads\/2025\/09\/Showbar-menu-08-1086x1536.jpg 1086w, https:\/\/showbar.md\/wp-content\/uploads\/2025\/09\/Showbar-menu-08-1448x2048.jpg 1448w\" sizes=\"(max-width: 1809px) 100vw, 1809px\" \/>\t\t\t\t\t\t\t\t\t\t\t\t\t\t\t<\/div>\n\t\t\t\t<div class=\"elementor-element elementor-element-695e911 elementor-invisible elementor-widget elementor-widget-image\" data-id=\"695e911\" data-element_type=\"widget\" data-settings=\"{&quot;_animation&quot;:&quot;fadeInUp&quot;}\" data-widget_type=\"image.default\">\n\t\t\t\t\t\t\t\t\t\t\t\t\t\t\t<img loading=\"lazy\" decoding=\"async\" width=\"1809\" height=\"2560\" src=\"https:\/\/showbar.md\/wp-content\/uploads\/2025\/09\/Showbar-menu-09-scaled.jpg\" class=\"attachment-full size-full wp-image-116\" alt=\"\" srcset=\"https:\/\/showbar.md\/wp-content\/uploads\/2025\/09\/Showbar-menu-09-scaled.jpg 1809w, https:\/\/showbar.md\/wp-content\/uploads\/2025\/09\/Showbar-menu-09-212x300.jpg 212w, https:\/\/showbar.md\/wp-content\/uploads\/2025\/09\/Showbar-menu-09-724x1024.jpg 724w, https:\/\/showbar.md\/wp-content\/uploads\/2025\/09\/Showbar-menu-09-768x1087.jpg 768w, https:\/\/showbar.md\/wp-content\/uploads\/2025\/09\/Showbar-menu-09-1086x1536.jpg 1086w, https:\/\/showbar.md\/wp-content\/uploads\/2025\/09\/Showbar-menu-09-1448x2048.jpg 1448w\" sizes=\"(max-width: 1809px) 100vw, 1809px\" \/>\t\t\t\t\t\t\t\t\t\t\t\t\t\t\t<\/div>\n\t\t\t\t<div class=\"elementor-element elementor-element-ee04d7f elementor-invisible elementor-widget elementor-widget-image\" data-id=\"ee04d7f\" data-element_type=\"widget\" data-settings=\"{&quot;_animation&quot;:&quot;fadeInUp&quot;}\" data-widget_type=\"image.default\">\n\t\t\t\t\t\t\t\t\t\t\t\t\t\t\t<img loading=\"lazy\" decoding=\"async\" width=\"1809\" height=\"2560\" src=\"https:\/\/showbar.md\/wp-content\/uploads\/2025\/09\/Showbar-menu-10-scaled.jpg\" class=\"attachment-full size-full wp-image-117\" alt=\"\" srcset=\"https:\/\/showbar.md\/wp-content\/uploads\/2025\/09\/Showbar-menu-10-scaled.jpg 1809w, https:\/\/showbar.md\/wp-content\/uploads\/2025\/09\/Showbar-menu-10-212x300.jpg 212w, https:\/\/showbar.md\/wp-content\/uploads\/2025\/09\/Showbar-menu-10-724x1024.jpg 724w, https:\/\/showbar.md\/wp-content\/uploads\/2025\/09\/Showbar-menu-10-768x1087.jpg 768w, https:\/\/showbar.md\/wp-content\/uploads\/2025\/09\/Showbar-menu-10-1086x1536.jpg 1086w, https:\/\/showbar.md\/wp-content\/uploads\/2025\/09\/Showbar-menu-10-1448x2048.jpg 1448w\" sizes=\"(max-width: 1809px) 100vw, 1809px\" \/>\t\t\t\t\t\t\t\t\t\t\t\t\t\t\t<\/div>\n\t\t\t\t\t<\/div>\n\t\t\t\t<\/div>\n\t\t<div class=\"elementor-element elementor-element-0ca6398 e-flex e-con-boxed e-con e-parent\" data-id=\"0ca6398\" data-element_type=\"container\">\n\t\t\t\t\t<div class=\"e-con-inner\">\n\t\t<div class=\"elementor-element elementor-element-ae41f16 e-con-full e-flex e-con e-child\" data-id=\"ae41f16\" data-element_type=\"container\">\n\t\t\t\t<div class=\"elementor-element elementor-element-c0df81a elementor-mobile-align-center elementor-align-center elementor-widget elementor-widget-button\" data-id=\"c0df81a\" data-element_type=\"widget\" data-settings=\"{&quot;_animation_mobile&quot;:&quot;fadeInUp&quot;}\" data-widget_type=\"button.default\">\n\t\t\t\t\t\t\t\t\t\t<a class=\"elementor-button elementor-button-link elementor-size-sm\" href=\"tel:%20+373%20691%2069%20969\">\n\t\t\t\t\t\t<span class=\"elementor-button-content-wrapper\">\n\t\t\t\t\t\t<span class=\"elementor-button-icon\">\n\t\t\t\t<svg aria-hidden=\"true\" class=\"e-font-icon-svg e-fas-phone-alt\" viewBox=\"0 0 512 512\" xmlns=\"http:\/\/www.w3.org\/2000\/svg\"><path d=\"M497.39 361.8l-112-48a24 24 0 0 0-28 6.9l-49.6 60.6A370.66 370.66 0 0 1 130.6 204.11l60.6-49.6a23.94 23.94 0 0 0 6.9-28l-48-112A24.16 24.16 0 0 0 122.6.61l-104 24A24 24 0 0 0 0 48c0 256.5 207.9 464 464 464a24 24 0 0 0 23.4-18.6l24-104a24.29 24.29 0 0 0-14.01-27.6z\"><\/path><\/svg>\t\t\t<\/span>\n\t\t\t\t\t\t\t\t\t<span class=\"elementor-button-text\">Contacteaz\u0103-ne<\/span>\n\t\t\t\t\t<\/span>\n\t\t\t\t\t<\/a>\n\t\t\t\t\t\t\t\t<\/div>\n\t\t\t\t<div class=\"elementor-element elementor-element-b5b1267 elementor-widget elementor-widget-spacer\" data-id=\"b5b1267\" data-element_type=\"widget\" data-widget_type=\"spacer.default\">\n\t\t\t\t\t\t\t<div class=\"elementor-spacer\">\n\t\t\t<div class=\"elementor-spacer-inner\"><\/div>\n\t\t<\/div>\n\t\t\t\t\t\t<\/div>\n\t\t\t\t<\/div>\n\t\t\t\t\t<\/div>\n\t\t\t\t<\/div>\n\t\t\t\t<\/div>\n\t\t","protected":false},"excerpt":{"rendered":"<p>Show Bar este barul mobil care aduce gustul petrecerii tale oriunde \u00een Moldova. Oferim cocktailuri personalizate, unice \u0219i spectaculoase, preg\u0103tite cu profesionalism pentru a face din orice eveniment o experien\u021b\u0103 memorabil\u0103. Rapiditate, diversitate \u00een meniu \u0219i o atmosfer\u0103 vibrant\u0103 \u2013 tu te distrezi, iar noi ne ocup\u0103m de bar! Contacteaz\u0103-ne<\/p>\n","protected":false},"author":2,"featured_media":9,"parent":0,"menu_order":0,"comment_status":"closed","ping_status":"closed","template":"elementor_canvas","meta":{"footnotes":""},"class_list":["post-7","page","type-page","status-publish","has-post-thumbnail","hentry"],"yoast_head":"<!-- This site is optimized with the Yoast SEO plugin v25.8 - https:\/\/yoast.com\/wordpress\/plugins\/seo\/ -->\n<title>Home - BAR MOBIL | Evenimente Memorabile<\/title>\n<meta name=\"description\" content=\"Show Bar - bar mobil \u00een Moldova ce transform\u0103 orice petrecere cu cocktailuri personalizate, servicii premium \u0219i mobilitate total\u0103. Experien\u021ba ta de neuitat, oriunde ai fi!\" \/>\n<meta name=\"robots\" content=\"index, follow, max-snippet:-1, max-image-preview:large, max-video-preview:-1\" \/>\n<link rel=\"canonical\" href=\"https:\/\/showbar.md\/\" \/>\n<meta property=\"og:locale\" content=\"en_US\" \/>\n<meta property=\"og:type\" content=\"article\" \/>\n<meta property=\"og:title\" content=\"Home - BAR MOBIL | Evenimente Memorabile\" \/>\n<meta property=\"og:description\" content=\"Show Bar - bar mobil \u00een Moldova ce transform\u0103 orice petrecere cu cocktailuri personalizate, servicii premium \u0219i mobilitate total\u0103. Experien\u021ba ta de neuitat, oriunde ai fi!\" \/>\n<meta property=\"og:url\" content=\"https:\/\/showbar.md\/\" \/>\n<meta property=\"og:site_name\" content=\"BAR MOBIL | Evenimente Memorabile\" \/>\n<meta property=\"article:modified_time\" content=\"2025-09-04T05:52:20+00:00\" \/>\n<meta property=\"og:image\" content=\"https:\/\/showbar.md\/wp-content\/uploads\/2025\/08\/Logo-underconst2.png\" \/>\n\t<meta property=\"og:image:width\" content=\"1201\" \/>\n\t<meta property=\"og:image:height\" content=\"478\" \/>\n\t<meta property=\"og:image:type\" content=\"image\/png\" \/>\n<meta name=\"twitter:card\" content=\"summary_large_image\" \/>\n<meta name=\"twitter:label1\" content=\"Est. reading time\" \/>\n\t<meta name=\"twitter:data1\" content=\"1 minute\" \/>\n<script type=\"application\/ld+json\" class=\"yoast-schema-graph\">{\"@context\":\"https:\/\/schema.org\",\"@graph\":[{\"@type\":\"WebPage\",\"@id\":\"https:\/\/showbar.md\/\",\"url\":\"https:\/\/showbar.md\/\",\"name\":\"Home - BAR MOBIL | Evenimente Memorabile\",\"isPartOf\":{\"@id\":\"https:\/\/showbar.md\/#website\"},\"primaryImageOfPage\":{\"@id\":\"https:\/\/showbar.md\/#primaryimage\"},\"image\":{\"@id\":\"https:\/\/showbar.md\/#primaryimage\"},\"thumbnailUrl\":\"https:\/\/showbar.md\/wp-content\/uploads\/2025\/08\/Logo-underconst2.png\",\"datePublished\":\"2025-08-25T04:48:46+00:00\",\"dateModified\":\"2025-09-04T05:52:20+00:00\",\"description\":\"Show Bar - bar mobil \u00een Moldova ce transform\u0103 orice petrecere cu cocktailuri personalizate, servicii premium \u0219i mobilitate total\u0103. Experien\u021ba ta de neuitat, oriunde ai fi!\",\"breadcrumb\":{\"@id\":\"https:\/\/showbar.md\/#breadcrumb\"},\"inLanguage\":\"en-US\",\"potentialAction\":[{\"@type\":\"ReadAction\",\"target\":[\"https:\/\/showbar.md\/\"]}]},{\"@type\":\"ImageObject\",\"inLanguage\":\"en-US\",\"@id\":\"https:\/\/showbar.md\/#primaryimage\",\"url\":\"https:\/\/showbar.md\/wp-content\/uploads\/2025\/08\/Logo-underconst2.png\",\"contentUrl\":\"https:\/\/showbar.md\/wp-content\/uploads\/2025\/08\/Logo-underconst2.png\",\"width\":1201,\"height\":478},{\"@type\":\"BreadcrumbList\",\"@id\":\"https:\/\/showbar.md\/#breadcrumb\",\"itemListElement\":[{\"@type\":\"ListItem\",\"position\":1,\"name\":\"Home\",\"item\":\"https:\/\/showbar.md\/\"},{\"@type\":\"ListItem\",\"position\":2,\"name\":\"Home\"}]},{\"@type\":\"WebSite\",\"@id\":\"https:\/\/showbar.md\/#website\",\"url\":\"https:\/\/showbar.md\/\",\"name\":\"BAR MOBIL | Evenimente Memorabile\",\"description\":\"\",\"potentialAction\":[{\"@type\":\"SearchAction\",\"target\":{\"@type\":\"EntryPoint\",\"urlTemplate\":\"https:\/\/showbar.md\/?s={search_term_string}\"},\"query-input\":{\"@type\":\"PropertyValueSpecification\",\"valueRequired\":true,\"valueName\":\"search_term_string\"}}],\"inLanguage\":\"en-US\"}]}<\/script>\n<!-- \/ Yoast SEO plugin. -->","yoast_head_json":{"title":"Home - BAR MOBIL | Evenimente Memorabile","description":"Show Bar - bar mobil \u00een Moldova ce transform\u0103 orice petrecere cu cocktailuri personalizate, servicii premium \u0219i mobilitate total\u0103. Experien\u021ba ta de neuitat, oriunde ai fi!","robots":{"index":"index","follow":"follow","max-snippet":"max-snippet:-1","max-image-preview":"max-image-preview:large","max-video-preview":"max-video-preview:-1"},"canonical":"https:\/\/showbar.md\/","og_locale":"en_US","og_type":"article","og_title":"Home - BAR MOBIL | Evenimente Memorabile","og_description":"Show Bar - bar mobil \u00een Moldova ce transform\u0103 orice petrecere cu cocktailuri personalizate, servicii premium \u0219i mobilitate total\u0103. Experien\u021ba ta de neuitat, oriunde ai fi!","og_url":"https:\/\/showbar.md\/","og_site_name":"BAR MOBIL | Evenimente Memorabile","article_modified_time":"2025-09-04T05:52:20+00:00","og_image":[{"width":1201,"height":478,"url":"https:\/\/showbar.md\/wp-content\/uploads\/2025\/08\/Logo-underconst2.png","type":"image\/png"}],"twitter_card":"summary_large_image","twitter_misc":{"Est. reading time":"1 minute"},"schema":{"@context":"https:\/\/schema.org","@graph":[{"@type":"WebPage","@id":"https:\/\/showbar.md\/","url":"https:\/\/showbar.md\/","name":"Home - BAR MOBIL | Evenimente Memorabile","isPartOf":{"@id":"https:\/\/showbar.md\/#website"},"primaryImageOfPage":{"@id":"https:\/\/showbar.md\/#primaryimage"},"image":{"@id":"https:\/\/showbar.md\/#primaryimage"},"thumbnailUrl":"https:\/\/showbar.md\/wp-content\/uploads\/2025\/08\/Logo-underconst2.png","datePublished":"2025-08-25T04:48:46+00:00","dateModified":"2025-09-04T05:52:20+00:00","description":"Show Bar - bar mobil \u00een Moldova ce transform\u0103 orice petrecere cu cocktailuri personalizate, servicii premium \u0219i mobilitate total\u0103. Experien\u021ba ta de neuitat, oriunde ai fi!","breadcrumb":{"@id":"https:\/\/showbar.md\/#breadcrumb"},"inLanguage":"en-US","potentialAction":[{"@type":"ReadAction","target":["https:\/\/showbar.md\/"]}]},{"@type":"ImageObject","inLanguage":"en-US","@id":"https:\/\/showbar.md\/#primaryimage","url":"https:\/\/showbar.md\/wp-content\/uploads\/2025\/08\/Logo-underconst2.png","contentUrl":"https:\/\/showbar.md\/wp-content\/uploads\/2025\/08\/Logo-underconst2.png","width":1201,"height":478},{"@type":"BreadcrumbList","@id":"https:\/\/showbar.md\/#breadcrumb","itemListElement":[{"@type":"ListItem","position":1,"name":"Home","item":"https:\/\/showbar.md\/"},{"@type":"ListItem","position":2,"name":"Home"}]},{"@type":"WebSite","@id":"https:\/\/showbar.md\/#website","url":"https:\/\/showbar.md\/","name":"BAR MOBIL | Evenimente Memorabile","description":"","potentialAction":[{"@type":"SearchAction","target":{"@type":"EntryPoint","urlTemplate":"https:\/\/showbar.md\/?s={search_term_string}"},"query-input":{"@type":"PropertyValueSpecification","valueRequired":true,"valueName":"search_term_string"}}],"inLanguage":"en-US"}]}},"_links":{"self":[{"href":"https:\/\/showbar.md\/index.php?rest_route=\/wp\/v2\/pages\/7","targetHints":{"allow":["GET"]}}],"collection":[{"href":"https:\/\/showbar.md\/index.php?rest_route=\/wp\/v2\/pages"}],"about":[{"href":"https:\/\/showbar.md\/index.php?rest_route=\/wp\/v2\/types\/page"}],"author":[{"embeddable":true,"href":"https:\/\/showbar.md\/index.php?rest_route=\/wp\/v2\/users\/2"}],"replies":[{"embeddable":true,"href":"https:\/\/showbar.md\/index.php?rest_route=%2Fwp%2Fv2%2Fcomments&post=7"}],"version-history":[{"count":78,"href":"https:\/\/showbar.md\/index.php?rest_route=\/wp\/v2\/pages\/7\/revisions"}],"predecessor-version":[{"id":123,"href":"https:\/\/showbar.md\/index.php?rest_route=\/wp\/v2\/pages\/7\/revisions\/123"}],"wp:featuredmedia":[{"embeddable":true,"href":"https:\/\/showbar.md\/index.php?rest_route=\/wp\/v2\/media\/9"}],"wp:attachment":[{"href":"https:\/\/showbar.md\/index.php?rest_route=%2Fwp%2Fv2%2Fmedia&parent=7"}],"curies":[{"name":"wp","href":"https:\/\/api.w.org\/{rel}","templated":true}]}}